{"id":2186,"date":"2026-02-17T02:26:17","date_gmt":"2026-02-17T02:26:17","guid":{"rendered":"https:\/\/snackservice.cl\/contact\/"},"modified":"2026-03-05T20:06:53","modified_gmt":"2026-03-05T20:06:53","slug":"contacto","status":"publish","type":"page","link":"https:\/\/snackservice.cl\/wordpress\/contacto\/","title":{"rendered":"Contacto"},"content":{"rendered":"\t\t<div data-elementor-type=\"wp-page\" data-elementor-id=\"2186\" class=\"elementor elementor-2186\">\n\t\t\t\t<div class=\"elementor-element elementor-element-f3d06b3 e-flex e-con-boxed e-con e-parent\" data-id=\"f3d06b3\" data-element_type=\"container\" data-e-type=\"container\" data-settings=\"{&quot;background_background&quot;:&quot;classic&quot;}\">\n\t\t\t\t\t<div class=\"e-con-inner\">\n\t\t<div class=\"elementor-element elementor-element-c814c9f e-con-full e-flex e-con e-child\" data-id=\"c814c9f\" data-element_type=\"container\" data-e-type=\"container\">\n\t\t\t\t<div class=\"elementor-element elementor-element-809680b elementor-widget elementor-widget-image\" data-id=\"809680b\" data-element_type=\"widget\" data-e-type=\"widget\" data-widget_type=\"image.default\">\n\t\t\t\t<div class=\"elementor-widget-container\">\n\t\t\t\t\t\t\t\t\t\t\t\t\t\t\t<img decoding=\"async\" src=\"https:\/\/snackservice.cl\/wp-content\/uploads\/2026\/02\/Captura-de-pantalla-2025-12-16-170034-1.jpg\" title=\"Contacto\" alt=\"captura de pantalla 2025 12 16 170034\" loading=\"lazy\">\t\t\t\t\t\t\t\t\t\t\t\t\t\t\t<\/div>\n\t\t\t\t<\/div>\n\t\t\t\t<\/div>\n\t\t<div class=\"elementor-element elementor-element-c248003 e-flex e-con-boxed e-con e-child\" data-id=\"c248003\" data-element_type=\"container\" data-e-type=\"container\">\n\t\t\t\t\t<div class=\"e-con-inner\">\n\t\t\t\t<div class=\"elementor-element elementor-element-0cd6647 elementor-widget elementor-widget-heading\" data-id=\"0cd6647\" data-element_type=\"widget\" data-e-type=\"widget\" data-widget_type=\"heading.default\">\n\t\t\t\t<div class=\"elementor-widget-container\">\n\t\t\t\t\t<h1 class=\"elementor-heading-title elementor-size-default\"><p align=\"center\" style=\"margin-bottom: 0.0001pt;line-height: normal;vertical-align: top\"><span style=\"font-size:25.5pt;color:#EFEFEF\">CONTACTOS<\/span><span><\/span><\/p><p align=\"center\" style=\"margin-bottom: 0.0001pt;line-height: normal;vertical-align: top\"><span style=\"font-size: 11.5pt\">Te invitamos a que\nnos env\u00edes tus comentarios, opiniones &amp; sugerencias<\/span><span>&nbsp;<\/span><\/p><p style=\"margin-bottom:0cm;margin-bottom:.0001pt;line-height:normal;vertical-align:top\"><br><\/p><p align=\"center\" style=\"margin-bottom: 0.0001pt;line-height: normal;vertical-align: top\"><span style=\"font-size:24.0pt;color:#EFEFEF\">SNACK SERVICE<\/span><span><\/span><\/p><p style=\"margin-bottom:0cm;margin-bottom:.0001pt;line-height:normal;vertical-align:top\"><span style=\"font-size: 11.5pt;font-style: inherit;font-weight: inherit;letter-spacing: 0px\">AV. OHIGGINS 0496<\/span><\/p><p align=\"center\" style=\"margin-bottom: 0.0001pt;line-height: normal;vertical-align: top\"><span style=\"font-size:11.5pt;color:#EFEFEF\">QUILICURA<\/span><span><\/span><\/p><p align=\"center\" style=\"margin-bottom: 0.0001pt;line-height: normal;vertical-align: top\"><span style=\"font-size:11.5pt;color:#EFEFEF\">SANTIAGO CHILE<\/span><span><\/span><\/p><p align=\"center\" style=\"margin-bottom: 0.0001pt;line-height: normal;vertical-align: top\"><span style=\"font-size:11.5pt;color:#EFEFEF\">info@snackservice.cl<\/span><\/p><p style=\"margin-bottom:0cm;margin-bottom:.0001pt;line-height:normal;vertical-align:top\"><br><\/p><p align=\"center\" style=\"margin-bottom: 0.0001pt;line-height: normal;vertical-align: top\"><span style=\"font-size:18.0pt;color:#EFEFEF\">TRABAJA CON\nNOSOTROS<\/span><span><\/span><\/p><p align=\"center\" style=\"margin-bottom: 0.0001pt;line-height: normal;vertical-align: top\"><span style=\"font-size:11.5pt;color:#EFEFEF\">Te invitamos a que\nnos env\u00edes tu Curriculum Vitae<\/span><span><\/span><\/p><p align=\"center\" style=\"margin-bottom: 0.0001pt;line-height: normal;vertical-align: top\"><span style=\"font-size: 11.5pt;font-style: inherit;font-weight: inherit;letter-spacing: 0px\">Info@snackservice.cl<\/span><\/p><p align=\"center\" style=\"margin-bottom: 0.0001pt;line-height: normal;vertical-align: top\"><span style=\"font-size: 12pt\">HORARIOS<\/span><span><\/span><\/p><p align=\"center\" style=\"margin-bottom: 0.0001pt;line-height: normal;vertical-align: top\"><span style=\"font-size: 10pt;font-style: inherit;font-weight: inherit;letter-spacing: 0px\">Lunes a Viernes <\/span><span style=\"font-size: 10pt;font-style: inherit;font-weight: inherit;letter-spacing: 0px\">09:00 am - 18:00 pm.<\/span><span style=\"font-style: inherit;letter-spacing: 0px\"><\/span><\/p><\/h1>\t\t\t\t<\/div>\n\t\t\t\t<\/div>\n\t\t\t\t\t<\/div>\n\t\t\t\t<\/div>\n\t\t\t\t\t<\/div>\n\t\t\t\t<\/div>\n\t\t<div class=\"elementor-element elementor-element-6753142 e-flex e-con-boxed e-con e-parent\" data-id=\"6753142\" data-element_type=\"container\" data-e-type=\"container\" data-settings=\"{&quot;background_background&quot;:&quot;classic&quot;}\">\n\t\t\t\t\t<div class=\"e-con-inner\">\n\t\t<div class=\"elementor-element elementor-element-e6c12b6 e-con-full e-flex e-con e-child\" data-id=\"e6c12b6\" data-element_type=\"container\" data-e-type=\"container\">\n\t\t<div class=\"elementor-element elementor-element-3251d36 e-flex e-con-boxed e-con e-child\" data-id=\"3251d36\" data-element_type=\"container\" data-e-type=\"container\">\n\t\t\t\t\t<div class=\"e-con-inner\">\n\t\t<div class=\"elementor-element elementor-element-b8ab7ad e-con-full e-flex e-con e-child\" data-id=\"b8ab7ad\" data-element_type=\"container\" data-e-type=\"container\">\n\t\t\t\t<div class=\"elementor-element elementor-element-e7ad7cd elementor-widget elementor-widget-heading\" data-id=\"e7ad7cd\" data-element_type=\"widget\" data-e-type=\"widget\" data-widget_type=\"heading.default\">\n\t\t\t\t<div class=\"elementor-widget-container\">\n\t\t\t\t\t<h4 class=\"elementor-heading-title elementor-size-default\">Informaci\u00f3n de Contacto<\/h4>\t\t\t\t<\/div>\n\t\t\t\t<\/div>\n\t\t\t\t<div class=\"elementor-element elementor-element-185d908 elementor-widget elementor-widget-icon-box\" data-id=\"185d908\" data-element_type=\"widget\" data-e-type=\"widget\" data-widget_type=\"icon-box.default\">\n\t\t\t\t<div class=\"elementor-widget-container\">\n\t\t\t\t\t\t\t<div class=\"elementor-icon-box-wrapper\">\n\n\t\t\t\n\t\t\t\t\t\t<div class=\"elementor-icon-box-content\">\n\n\t\t\t\t\t\t\t\t\t<h6 class=\"elementor-icon-box-title\">\n\t\t\t\t\t\t<span  >\n\t\t\t\t\t\t\tMail\t\t\t\t\t\t<\/span>\n\t\t\t\t\t<\/h6>\n\t\t\t\t\n\t\t\t\t\t\t\t\t\t<p class=\"elementor-icon-box-description\">\n\t\t\t\t\t\tInfo@snackservice.cl\t\t\t\t\t<\/p>\n\t\t\t\t\n\t\t\t<\/div>\n\t\t\t\n\t\t<\/div>\n\t\t\t\t\t\t<\/div>\n\t\t\t\t<\/div>\n\t\t\t\t<div class=\"elementor-element elementor-element-eaad622 elementor-widget elementor-widget-icon-box\" data-id=\"eaad622\" data-element_type=\"widget\" data-e-type=\"widget\" data-widget_type=\"icon-box.default\">\n\t\t\t\t<div class=\"elementor-widget-container\">\n\t\t\t\t\t\t\t<div class=\"elementor-icon-box-wrapper\">\n\n\t\t\t\n\t\t\t\t\t\t<div class=\"elementor-icon-box-content\">\n\n\t\t\t\t\t\t\t\t\t<h6 class=\"elementor-icon-box-title\">\n\t\t\t\t\t\t<span  >\n\t\t\t\t\t\t\tFono\t\t\t\t\t\t<\/span>\n\t\t\t\t\t<\/h6>\n\t\t\t\t\n\t\t\t\t\t\t\t\t\t<p class=\"elementor-icon-box-description\">\n\t\t\t\t\t\t+56 9 8418 8243\t\t\t\t\t<\/p>\n\t\t\t\t\n\t\t\t<\/div>\n\t\t\t\n\t\t<\/div>\n\t\t\t\t\t\t<\/div>\n\t\t\t\t<\/div>\n\t\t\t\t<div class=\"elementor-element elementor-element-a45bd6a elementor-widget elementor-widget-icon-box\" data-id=\"a45bd6a\" data-element_type=\"widget\" data-e-type=\"widget\" data-widget_type=\"icon-box.default\">\n\t\t\t\t<div class=\"elementor-widget-container\">\n\t\t\t\t\t\t\t<div class=\"elementor-icon-box-wrapper\">\n\n\t\t\t\n\t\t\t\t\t\t<div class=\"elementor-icon-box-content\">\n\n\t\t\t\t\t\t\t\t\t<h6 class=\"elementor-icon-box-title\">\n\t\t\t\t\t\t<span  >\n\t\t\t\t\t\t\tDirecci\u00f3n\t\t\t\t\t\t<\/span>\n\t\t\t\t\t<\/h6>\n\t\t\t\t\n\t\t\t\t\t\t\t\t\t<p class=\"elementor-icon-box-description\">\n\t\t\t\t\t\tAv. Ohiggins 0496 Quilicura\t\t\t\t\t<\/p>\n\t\t\t\t\n\t\t\t<\/div>\n\t\t\t\n\t\t<\/div>\n\t\t\t\t\t\t<\/div>\n\t\t\t\t<\/div>\n\t\t\t\t<div class=\"elementor-element elementor-element-1d16f0a elementor-shape-circle e-grid-align-left e-grid-align-mobile-center elementor-grid-0 elementor-widget elementor-widget-social-icons\" data-id=\"1d16f0a\" data-element_type=\"widget\" data-e-type=\"widget\" data-widget_type=\"social-icons.default\">\n\t\t\t\t<div class=\"elementor-widget-container\">\n\t\t\t\t\t\t\t<div class=\"elementor-social-icons-wrapper elementor-grid\" role=\"list\">\n\t\t\t\t\t\t\t<span class=\"elementor-grid-item\" role=\"listitem\">\n\t\t\t\t\t<a class=\"elementor-icon elementor-social-icon elementor-social-icon-twitter elementor-repeater-item-bc2758c\" href=\"#\">\n\t\t\t\t\t\t<span class=\"elementor-screen-only\">Twitter<\/span>\n\t\t\t\t\t\t<i aria-hidden=\"true\" class=\"fab fa-twitter\"><\/i>\t\t\t\t\t<\/a>\n\t\t\t\t<\/span>\n\t\t\t\t\t\t\t<span class=\"elementor-grid-item\" role=\"listitem\">\n\t\t\t\t\t<a class=\"elementor-icon elementor-social-icon elementor-social-icon-instagram elementor-repeater-item-67346b3\" href=\"#\">\n\t\t\t\t\t\t<span class=\"elementor-screen-only\">Instagram<\/span>\n\t\t\t\t\t\t<i aria-hidden=\"true\" class=\"fab fa-instagram\"><\/i>\t\t\t\t\t<\/a>\n\t\t\t\t<\/span>\n\t\t\t\t\t\t\t<span class=\"elementor-grid-item\" role=\"listitem\">\n\t\t\t\t\t<a class=\"elementor-icon elementor-social-icon elementor-social-icon-youtube elementor-repeater-item-1e1c559\" href=\"#\">\n\t\t\t\t\t\t<span class=\"elementor-screen-only\">Youtube<\/span>\n\t\t\t\t\t\t<i aria-hidden=\"true\" class=\"fab fa-youtube\"><\/i>\t\t\t\t\t<\/a>\n\t\t\t\t<\/span>\n\t\t\t\t\t<\/div>\n\t\t\t\t\t\t<\/div>\n\t\t\t\t<\/div>\n\t\t\t\t<\/div>\n\t\t<div class=\"elementor-element elementor-element-303e334 e-con-full e-flex e-con e-child\" data-id=\"303e334\" data-element_type=\"container\" data-e-type=\"container\">\n\t\t\t\t<div class=\"elementor-element elementor-element-4fb4811 elementor-widget elementor-widget-heading\" data-id=\"4fb4811\" data-element_type=\"widget\" data-e-type=\"widget\" data-widget_type=\"heading.default\">\n\t\t\t\t<div class=\"elementor-widget-container\">\n\t\t\t\t\t<h4 class=\"elementor-heading-title elementor-size-default\"><span style=\"font-size: 35px;letter-spacing: normal\">Pedidos<\/span><\/h4>\t\t\t\t<\/div>\n\t\t\t\t<\/div>\n\t\t\t\t<div class=\"elementor-element elementor-element-1650453 elementor-widget elementor-widget-shortcode\" data-id=\"1650453\" data-element_type=\"widget\" data-e-type=\"widget\" data-widget_type=\"shortcode.default\">\n\t\t\t\t<div class=\"elementor-widget-container\">\n\t\t\t\t\t\t\t<div class=\"elementor-shortcode\">Este formulario ha sido eliminado o no est\u00e1 disponible.<\/div>\n\t\t\t\t\t\t<\/div>\n\t\t\t\t<\/div>\n\t\t\t\t<\/div>\n\t\t\t\t\t<\/div>\n\t\t\t\t<\/div>\n\t\t\t\t<\/div>\n\t\t\t\t\t<\/div>\n\t\t\t\t<\/div>\n\t\t<div class=\"elementor-element elementor-element-267b2e7 e-flex e-con-boxed e-con e-parent\" data-id=\"267b2e7\" data-element_type=\"container\" data-e-type=\"container\" data-settings=\"{&quot;background_background&quot;:&quot;classic&quot;}\">\n\t\t\t\t\t<div class=\"e-con-inner\">\n\t\t<div class=\"elementor-element elementor-element-7dad71c e-flex e-con-boxed e-con e-child\" data-id=\"7dad71c\" data-element_type=\"container\" data-e-type=\"container\">\n\t\t\t\t\t<div class=\"e-con-inner\">\n\t\t<div class=\"elementor-element elementor-element-1687b4e e-flex e-con-boxed e-con e-child\" data-id=\"1687b4e\" data-element_type=\"container\" data-e-type=\"container\">\n\t\t\t\t\t<div class=\"e-con-inner\">\n\t\t<div class=\"elementor-element elementor-element-ad9c194 e-con-full e-flex e-con e-child\" data-id=\"ad9c194\" data-element_type=\"container\" data-e-type=\"container\">\n\t\t\t\t<div class=\"elementor-element elementor-element-7a566f8 elementor-widget elementor-widget-image\" data-id=\"7a566f8\" data-element_type=\"widget\" data-e-type=\"widget\" data-widget_type=\"image.default\">\n\t\t\t\t<div class=\"elementor-widget-container\">\n\t\t\t\t\t\t\t\t\t\t\t\t\t\t\t<img decoding=\"async\" src=\"https:\/\/snackservice.cl\/wp-content\/uploads\/2026\/02\/pexels-photo-572056-572056.jpg\" title=\"Contacto\" alt=\"A clean, contemporary workspace featuring a desktop with analytics on the screen and plants for a fresh look.\" loading=\"lazy\">\t\t\t\t\t\t\t\t\t\t\t\t\t\t\t<\/div>\n\t\t\t\t<\/div>\n\t\t\t\t<\/div>\n\t\t\t\t\t<\/div>\n\t\t\t\t<\/div>\n\t\t\t\t<div class=\"elementor-element elementor-element-1ce54c8 elementor-widget elementor-widget-heading\" data-id=\"1ce54c8\" data-element_type=\"widget\" data-e-type=\"widget\" data-widget_type=\"heading.default\">\n\t\t\t\t<div class=\"elementor-widget-container\">\n\t\t\t\t\t<h4 class=\"elementor-heading-title elementor-size-default\">Satisfacci\u00f3n Garantizada<\/h4>\t\t\t\t<\/div>\n\t\t\t\t<\/div>\n\t\t\t\t<div class=\"elementor-element elementor-element-e948842 elementor-widget elementor-widget-image\" data-id=\"e948842\" data-element_type=\"widget\" data-e-type=\"widget\" data-widget_type=\"image.default\">\n\t\t\t\t<div class=\"elementor-widget-container\">\n\t\t\t\t\t\t\t\t\t\t\t\t\t\t\t<img decoding=\"async\" src=\"https:\/\/snackservice.cl\/wp-content\/uploads\/2026\/02\/cropped-LOGO-4-sin-fondo.png\" title=\"Contacto\" alt=\"logo 4 sin fondo\" loading=\"lazy\">\t\t\t\t\t\t\t\t\t\t\t\t\t\t\t<\/div>\n\t\t\t\t<\/div>\n\t\t\t\t\t<\/div>\n\t\t\t\t<\/div>\n\t\t\t\t\t<\/div>\n\t\t\t\t<\/div>\n\t\t\t\t<\/div>\n\t\t","protected":false},"excerpt":{"rendered":"<p>CONTACTOS Te invitamos a que nos env\u00edes tus comentarios, opiniones &amp; sugerencias&nbsp; SNACK SERVICE AV. OHIGGINS 0496 QUILICURA SANTIAGO CHILE info@snackservice.cl TRABAJA CON NOSOTROS Te invitamos a que nos env\u00edes tu Curriculum Vitae Info@snackservice.cl HORARIOS Lunes a Viernes 09:00 am &#8211; 18:00 pm. Informaci\u00f3n de Contacto Mail Info@snackservice.cl Fono +56 9 8418 8243 Direcci\u00f3n Av. [&hellip;]<\/p>\n","protected":false},"author":1,"featured_media":0,"parent":0,"menu_order":0,"comment_status":"closed","ping_status":"closed","template":"","meta":{"site-sidebar-layout":"no-sidebar","site-content-layout":"page-builder","ast-site-content-layout":"full-width-container","site-content-style":"unboxed","site-sidebar-style":"unboxed","ast-global-header-display":"","ast-banner-title-visibility":"","ast-main-header-display":"","ast-hfb-above-header-display":"","ast-hfb-below-header-display":"","ast-hfb-mobile-header-display":"","site-post-title":"disabled","ast-breadcrumbs-content":"","ast-featured-img":"disabled","footer-sml-layout":"","ast-disable-related-posts":"","theme-transparent-header-meta":"disabled","adv-header-id-meta":"","stick-header-meta":"","header-above-stick-meta":"","header-main-stick-meta":"","header-below-stick-meta":"","astra-migrate-meta-layouts":"set","ast-page-background-enabled":"default","ast-page-background-meta":{"desktop":{"background-color":"var(--ast-global-color-4)","background-image":"","background-repeat":"repeat","background-position":"center center","background-size":"auto","background-attachment":"scroll","background-type":"","background-media":"","overlay-type":"","overlay-color":"","overlay-opacity":"","overlay-gradient":""},"tablet":{"background-color":"","background-image":"","background-repeat":"repeat","background-position":"center center","background-size":"auto","background-attachment":"scroll","background-type":"","background-media":"","overlay-type":"","overlay-color":"","overlay-opacity":"","overlay-gradient":""},"mobile":{"background-color":"","background-image":"","background-repeat":"repeat","background-position":"center center","background-size":"auto","background-attachment":"scroll","background-type":"","background-media":"","overlay-type":"","overlay-color":"","overlay-opacity":"","overlay-gradient":""}},"ast-content-background-meta":{"desktop":{"background-color":"var(--ast-global-color-5)","background-image":"","background-repeat":"repeat","background-position":"center center","background-size":"auto","background-attachment":"scroll","background-type":"","background-media":"","overlay-type":"","overlay-color":"","overlay-opacity":"","overlay-gradient":""},"tablet":{"background-color":"var(--ast-global-color-5)","background-image":"","background-repeat":"repeat","background-position":"center center","background-size":"auto","background-attachment":"scroll","background-type":"","background-media":"","overlay-type":"","overlay-color":"","overlay-opacity":"","overlay-gradient":""},"mobile":{"background-color":"var(--ast-global-color-5)","background-image":"","background-repeat":"repeat","background-position":"center center","background-size":"auto","background-attachment":"scroll","background-type":"","background-media":"","overlay-type":"","overlay-color":"","overlay-opacity":"","overlay-gradient":""}},"footnotes":""},"class_list":["post-2186","page","type-page","status-publish","hentry"],"yoast_head":"<!-- This site is optimized with the Yoast SEO plugin v27.0 - https:\/\/yoast.com\/product\/yoast-seo-wordpress\/ -->\n<title>Contacto - snackservice<\/title>\n<meta name=\"robots\" content=\"index, follow, max-snippet:-1, max-image-preview:large, max-video-preview:-1\" \/>\n<link rel=\"canonical\" href=\"https:\/\/snackservice.cl\/wordpress\/contacto\/\" \/>\n<meta property=\"og:locale\" content=\"es_ES\" \/>\n<meta property=\"og:type\" content=\"article\" \/>\n<meta property=\"og:title\" content=\"Contacto - snackservice\" \/>\n<meta property=\"og:description\" content=\"CONTACTOS Te invitamos a que nos env\u00edes tus comentarios, opiniones &amp; sugerencias&nbsp; SNACK SERVICE AV. OHIGGINS 0496 QUILICURA SANTIAGO CHILE info@snackservice.cl TRABAJA CON NOSOTROS Te invitamos a que nos env\u00edes tu Curriculum Vitae Info@snackservice.cl HORARIOS Lunes a Viernes 09:00 am &#8211; 18:00 pm. Informaci\u00f3n de Contacto Mail Info@snackservice.cl Fono +56 9 8418 8243 Direcci\u00f3n Av. [&hellip;]\" \/>\n<meta property=\"og:url\" content=\"https:\/\/snackservice.cl\/wordpress\/contacto\/\" \/>\n<meta property=\"og:site_name\" content=\"snackservice\" \/>\n<meta property=\"article:modified_time\" content=\"2026-03-05T20:06:53+00:00\" \/>\n<meta name=\"twitter:card\" content=\"summary_large_image\" \/>\n<meta name=\"twitter:label1\" content=\"Tiempo de lectura\" \/>\n\t<meta name=\"twitter:data1\" content=\"1 minuto\" \/>\n<script type=\"application\/ld+json\" class=\"yoast-schema-graph\">{\"@context\":\"https:\/\/schema.org\",\"@graph\":[{\"@type\":\"WebPage\",\"@id\":\"https:\/\/snackservice.cl\/wordpress\/contacto\/\",\"url\":\"https:\/\/snackservice.cl\/wordpress\/contacto\/\",\"name\":\"Contacto - snackservice\",\"isPartOf\":{\"@id\":\"https:\/\/snackservice.cl\/wordpress\/#website\"},\"primaryImageOfPage\":{\"@id\":\"https:\/\/snackservice.cl\/wordpress\/contacto\/#primaryimage\"},\"image\":{\"@id\":\"https:\/\/snackservice.cl\/wordpress\/contacto\/#primaryimage\"},\"thumbnailUrl\":\"https:\/\/snackservice.cl\/wordpress\/wp-content\/uploads\/2026\/02\/Captura-de-pantalla-2025-12-16-170034-1.jpg\",\"datePublished\":\"2026-02-17T02:26:17+00:00\",\"dateModified\":\"2026-03-05T20:06:53+00:00\",\"breadcrumb\":{\"@id\":\"https:\/\/snackservice.cl\/wordpress\/contacto\/#breadcrumb\"},\"inLanguage\":\"es\",\"potentialAction\":[{\"@type\":\"ReadAction\",\"target\":[\"https:\/\/snackservice.cl\/wordpress\/contacto\/\"]}]},{\"@type\":\"ImageObject\",\"inLanguage\":\"es\",\"@id\":\"https:\/\/snackservice.cl\/wordpress\/contacto\/#primaryimage\",\"url\":\"https:\/\/snackservice.cl\/wordpress\/wp-content\/uploads\/2026\/02\/Captura-de-pantalla-2025-12-16-170034-1.jpg\",\"contentUrl\":\"https:\/\/snackservice.cl\/wordpress\/wp-content\/uploads\/2026\/02\/Captura-de-pantalla-2025-12-16-170034-1.jpg\"},{\"@type\":\"BreadcrumbList\",\"@id\":\"https:\/\/snackservice.cl\/wordpress\/contacto\/#breadcrumb\",\"itemListElement\":[{\"@type\":\"ListItem\",\"position\":1,\"name\":\"Portada\",\"item\":\"https:\/\/snackservice.cl\/wordpress\/\"},{\"@type\":\"ListItem\",\"position\":2,\"name\":\"Contacto\"}]},{\"@type\":\"WebSite\",\"@id\":\"https:\/\/snackservice.cl\/wordpress\/#website\",\"url\":\"https:\/\/snackservice.cl\/wordpress\/\",\"name\":\"snackservice\",\"description\":\"\",\"publisher\":{\"@id\":\"https:\/\/snackservice.cl\/wordpress\/#organization\"},\"potentialAction\":[{\"@type\":\"SearchAction\",\"target\":{\"@type\":\"EntryPoint\",\"urlTemplate\":\"https:\/\/snackservice.cl\/wordpress\/?s={search_term_string}\"},\"query-input\":{\"@type\":\"PropertyValueSpecification\",\"valueRequired\":true,\"valueName\":\"search_term_string\"}}],\"inLanguage\":\"es\"},{\"@type\":\"Organization\",\"@id\":\"https:\/\/snackservice.cl\/wordpress\/#organization\",\"name\":\"snackservice\",\"url\":\"https:\/\/snackservice.cl\/wordpress\/\",\"logo\":{\"@type\":\"ImageObject\",\"inLanguage\":\"es\",\"@id\":\"https:\/\/snackservice.cl\/wordpress\/#\/schema\/logo\/image\/\",\"url\":\"https:\/\/snackservice.cl\/wordpress\/wp-content\/uploads\/2026\/02\/cropped-Logo-Solo.jpg\",\"contentUrl\":\"https:\/\/snackservice.cl\/wordpress\/wp-content\/uploads\/2026\/02\/cropped-Logo-Solo.jpg\",\"width\":876,\"height\":433,\"caption\":\"snackservice\"},\"image\":{\"@id\":\"https:\/\/snackservice.cl\/wordpress\/#\/schema\/logo\/image\/\"}}]}<\/script>\n<!-- \/ Yoast SEO plugin. -->","yoast_head_json":{"title":"Contacto - snackservice","robots":{"index":"index","follow":"follow","max-snippet":"max-snippet:-1","max-image-preview":"max-image-preview:large","max-video-preview":"max-video-preview:-1"},"canonical":"https:\/\/snackservice.cl\/wordpress\/contacto\/","og_locale":"es_ES","og_type":"article","og_title":"Contacto - snackservice","og_description":"CONTACTOS Te invitamos a que nos env\u00edes tus comentarios, opiniones &amp; sugerencias&nbsp; SNACK SERVICE AV. OHIGGINS 0496 QUILICURA SANTIAGO CHILE info@snackservice.cl TRABAJA CON NOSOTROS Te invitamos a que nos env\u00edes tu Curriculum Vitae Info@snackservice.cl HORARIOS Lunes a Viernes 09:00 am &#8211; 18:00 pm. Informaci\u00f3n de Contacto Mail Info@snackservice.cl Fono +56 9 8418 8243 Direcci\u00f3n Av. [&hellip;]","og_url":"https:\/\/snackservice.cl\/wordpress\/contacto\/","og_site_name":"snackservice","article_modified_time":"2026-03-05T20:06:53+00:00","twitter_card":"summary_large_image","twitter_misc":{"Tiempo de lectura":"1 minuto"},"schema":{"@context":"https:\/\/schema.org","@graph":[{"@type":"WebPage","@id":"https:\/\/snackservice.cl\/wordpress\/contacto\/","url":"https:\/\/snackservice.cl\/wordpress\/contacto\/","name":"Contacto - snackservice","isPartOf":{"@id":"https:\/\/snackservice.cl\/wordpress\/#website"},"primaryImageOfPage":{"@id":"https:\/\/snackservice.cl\/wordpress\/contacto\/#primaryimage"},"image":{"@id":"https:\/\/snackservice.cl\/wordpress\/contacto\/#primaryimage"},"thumbnailUrl":"https:\/\/snackservice.cl\/wordpress\/wp-content\/uploads\/2026\/02\/Captura-de-pantalla-2025-12-16-170034-1.jpg","datePublished":"2026-02-17T02:26:17+00:00","dateModified":"2026-03-05T20:06:53+00:00","breadcrumb":{"@id":"https:\/\/snackservice.cl\/wordpress\/contacto\/#breadcrumb"},"inLanguage":"es","potentialAction":[{"@type":"ReadAction","target":["https:\/\/snackservice.cl\/wordpress\/contacto\/"]}]},{"@type":"ImageObject","inLanguage":"es","@id":"https:\/\/snackservice.cl\/wordpress\/contacto\/#primaryimage","url":"https:\/\/snackservice.cl\/wordpress\/wp-content\/uploads\/2026\/02\/Captura-de-pantalla-2025-12-16-170034-1.jpg","contentUrl":"https:\/\/snackservice.cl\/wordpress\/wp-content\/uploads\/2026\/02\/Captura-de-pantalla-2025-12-16-170034-1.jpg"},{"@type":"BreadcrumbList","@id":"https:\/\/snackservice.cl\/wordpress\/contacto\/#breadcrumb","itemListElement":[{"@type":"ListItem","position":1,"name":"Portada","item":"https:\/\/snackservice.cl\/wordpress\/"},{"@type":"ListItem","position":2,"name":"Contacto"}]},{"@type":"WebSite","@id":"https:\/\/snackservice.cl\/wordpress\/#website","url":"https:\/\/snackservice.cl\/wordpress\/","name":"snackservice","description":"","publisher":{"@id":"https:\/\/snackservice.cl\/wordpress\/#organization"},"potentialAction":[{"@type":"SearchAction","target":{"@type":"EntryPoint","urlTemplate":"https:\/\/snackservice.cl\/wordpress\/?s={search_term_string}"},"query-input":{"@type":"PropertyValueSpecification","valueRequired":true,"valueName":"search_term_string"}}],"inLanguage":"es"},{"@type":"Organization","@id":"https:\/\/snackservice.cl\/wordpress\/#organization","name":"snackservice","url":"https:\/\/snackservice.cl\/wordpress\/","logo":{"@type":"ImageObject","inLanguage":"es","@id":"https:\/\/snackservice.cl\/wordpress\/#\/schema\/logo\/image\/","url":"https:\/\/snackservice.cl\/wordpress\/wp-content\/uploads\/2026\/02\/cropped-Logo-Solo.jpg","contentUrl":"https:\/\/snackservice.cl\/wordpress\/wp-content\/uploads\/2026\/02\/cropped-Logo-Solo.jpg","width":876,"height":433,"caption":"snackservice"},"image":{"@id":"https:\/\/snackservice.cl\/wordpress\/#\/schema\/logo\/image\/"}}]}},"_links":{"self":[{"href":"https:\/\/snackservice.cl\/wordpress\/wp-json\/wp\/v2\/pages\/2186","targetHints":{"allow":["GET"]}}],"collection":[{"href":"https:\/\/snackservice.cl\/wordpress\/wp-json\/wp\/v2\/pages"}],"about":[{"href":"https:\/\/snackservice.cl\/wordpress\/wp-json\/wp\/v2\/types\/page"}],"author":[{"embeddable":true,"href":"https:\/\/snackservice.cl\/wordpress\/wp-json\/wp\/v2\/users\/1"}],"replies":[{"embeddable":true,"href":"https:\/\/snackservice.cl\/wordpress\/wp-json\/wp\/v2\/comments?post=2186"}],"version-history":[{"count":5,"href":"https:\/\/snackservice.cl\/wordpress\/wp-json\/wp\/v2\/pages\/2186\/revisions"}],"predecessor-version":[{"id":3146,"href":"https:\/\/snackservice.cl\/wordpress\/wp-json\/wp\/v2\/pages\/2186\/revisions\/3146"}],"wp:attachment":[{"href":"https:\/\/snackservice.cl\/wordpress\/wp-json\/wp\/v2\/media?parent=2186"}],"curies":[{"name":"wp","href":"https:\/\/api.w.org\/{rel}","templated":true}]}}